{"id":484,"date":"2021-05-27T14:37:41","date_gmt":"2021-05-27T14:37:41","guid":{"rendered":"https:\/\/webdesign.jolanda-hofmann.site\/?page_id=484"},"modified":"2022-09-01T18:59:11","modified_gmt":"2022-09-01T18:59:11","slug":"sits-t","status":"publish","type":"page","link":"https:\/\/www.acmec-int.com\/en\/sits-t\/","title":{"rendered":"ACMEC"},"content":{"rendered":"<p>[et_pb_section fb_built=&#8220;1&#8243; admin_label=&#8220;header&#8220; _builder_version=&#8220;4.16&#8243; _module_preset=&#8220;default&#8220; use_background_color_gradient=&#8220;on&#8220; background_color_gradient_stops=&#8220;rgba(0,0,0,0.62) 16%|rgba(0,0,0,0.76) 100%&#8220; background_color_gradient_overlays_image=&#8220;on&#8220; background_color_gradient_start=&#8220;rgba(0,0,0,0.62)&#8220; background_color_gradient_start_position=&#8220;16%&#8220; background_color_gradient_end=&#8220;rgba(0,0,0,0.76)&#8220; background_image=&#8220;https:\/\/www.acmec-int.com\/wp-content\/uploads\/2021\/08\/2663-1024-scaled.jpg&#8220; background_position=&#8220;top_right&#8220; custom_padding=&#8220;||3px|||&#8220; background_last_edited=&#8220;on|phone&#8220; background_color_gradient_end_position_phone=&#8220;90%&#8220; collapsed=&#8220;on&#8220; global_colors_info=&#8220;{}&#8220;][et_pb_row custom_padding_last_edited=&#8220;on|phone&#8220; _builder_version=&#8220;4.16&#8243; _module_preset=&#8220;default&#8220; custom_padding=&#8220;7px||47px|||&#8220; custom_padding_tablet=&#8220;&#8220; custom_padding_phone=&#8220;30px||69px||false|false&#8220; global_colors_info=&#8220;{}&#8220;][et_pb_column type=&#8220;4_4&#8243; _builder_version=&#8220;4.16&#8243; _module_preset=&#8220;default&#8220; global_colors_info=&#8220;{}&#8220;][et_pb_text _builder_version=&#8220;4.16&#8243; _module_preset=&#8220;default&#8220; header_text_color=&#8220;gcid-564a62f8-08b5-4913-a77f-a4cb0ddc3962&#8243; header_font_size=&#8220;93px&#8220; header_2_text_color=&#8220;#FFFFFF&#8220; header_2_font_size=&#8220;40px&#8220; custom_margin=&#8220;-52px|||||&#8220; header_font_size_tablet=&#8220;&#8220; header_font_size_phone=&#8220;40px&#8220; header_font_size_last_edited=&#8220;on|phone&#8220; header_2_font_size_tablet=&#8220;&#8220; header_2_font_size_phone=&#8220;20px&#8220; header_2_font_size_last_edited=&#8220;on|phone&#8220; header_text_shadow_style=&#8220;preset4&#8243; header_text_shadow_horizontal_length=&#8220;0.02em&#8220; header_text_shadow_vertical_length=&#8220;0.04em&#8220; header_text_shadow_color=&#8220;#FFFFFF&#8220; global_colors_info=&#8220;{%22gcid-36b050bc-04ff-4213-b4cd-bd33d87865a5%22:%91%93,%22gcid-564a62f8-08b5-4913-a77f-a4cb0ddc3962%22:%91%22header_text_color%22%93}&#8220;]<\/p>\n<h1 style=\"text-align: center;\"><span>ACMEC<\/span><\/h1>\n<h2 style=\"text-align: center;\"><span>Mechanische Verfahrenstechnik<\/span><\/h2>\n<h2 style=\"text-align: center;\"><span>Industrievertretungen<\/span><\/h2>\n<p>[\/et_pb_text][\/et_pb_column][\/et_pb_row][\/et_pb_section][et_pb_section fb_built=&#8220;1&#8243; admin_label=&#8220;\u00fcber uns&#8220; _builder_version=&#8220;4.16&#8243; _module_preset=&#8220;default&#8220; custom_padding=&#8220;||20px|||&#8220; global_colors_info=&#8220;{}&#8220;][et_pb_row _builder_version=&#8220;4.16&#8243; _module_preset=&#8220;default&#8220; global_colors_info=&#8220;{}&#8220;][et_pb_column type=&#8220;4_4&#8243; _builder_version=&#8220;4.16&#8243; _module_preset=&#8220;default&#8220; global_colors_info=&#8220;{}&#8220;][et_pb_text _builder_version=&#8220;4.16&#8243; _module_preset=&#8220;default&#8220; hover_enabled=&#8220;0&#8243; global_colors_info=&#8220;{}&#8220; sticky_enabled=&#8220;0&#8243;]<\/p>\n<h1 style=\"text-align: center;\">\u00dcber Uns<\/h1>\n<p arial=\"\" helvetica=\"\" sans-serif=\"\" font-size:=\"\" 12=\"\" 8px=\"\" background-color:=\"\" ffffff=\"\" style=\"text-align: center;\">Die Firma Schwarz\u00e4ugl ITS&amp;T wurde 1996 als Einzelunternehmen gegr\u00fcndet und 2000 in eine GmbH umfirmiert.\u00a0Am Beginn unserer T\u00e4tigkeit besch\u00e4ftigten wir uns in erster Linie mit der Planung und Ausf\u00fchrung von Komplettanlagen im In- und Ausland. Die mechanische Verfahrenstechnik bildete immer einen wesentlichen Bestandteil, gepaart mit der langj\u00e4hrigen Erfahrung bei der Realisierung von schl\u00fcsselfertigen L\u00f6sungen.<\/p>\n<div arial=\"\" helvetica=\"\" sans-serif=\"\" font-size:=\"\" 12=\"\" 8px=\"\" background-color:=\"\" ffffff=\"\" style=\"text-align: center;\">Parallel entwickelte sich das Gesch\u00e4ftsfeld der Firmenvertretungen f\u00fcr \u00d6sterreich, Slowenien und Bulgarien. Unsere Zusammenarbeit mit namhaften Vertretungsfirmen basiert auf langfristig abgeschlossenen Vertr\u00e4gen.\u00a0 Diese Partnerschaften garantieren eine optimale Kundenbetreuung unterst\u00fctzt durch ein erfahrenes Team an Ingenieuren und Technikern. Der T\u00e4tigkeitsbereich umfasst fast alle Branchen und Anwendungen in denen\u00a0mechanische Verfahrenstechnik, F\u00f6rder- und Verladetechnik vorkommen.<\/div>\n<p style=\"text-align: center;\"><span ffffff=\"\" font-family:=\"\" arial=\"\" helvetica=\"\" sans-serif=\"\" font-size:=\"\" 12=\"\" 8px=\"\">Alle Lieferanten, Leistungen sowie Partnerschaften entnehmen Sie den folgenden Seiten.\u00a0F\u00fcr ein Fachgespr\u00e4ch in Ihrem Hause stehen wir mit unserem kompetenten Fachpersonal gerne zur Verf\u00fcgung.<\/span><\/p>\n<p>[\/et_pb_text][\/et_pb_column][\/et_pb_row][\/et_pb_section][et_pb_section fb_built=&#8220;1&#8243; fullwidth=&#8220;on&#8220; admin_label=&#8220;news&#8220; _builder_version=&#8220;4.16&#8243; _module_preset=&#8220;default&#8220; global_colors_info=&#8220;{}&#8220;][et_pb_fullwidth_post_slider show_meta=&#8220;off&#8220; _builder_version=&#8220;4.16&#8243; _module_preset=&#8220;default&#8220; header_font_size=&#8220;46px&#8220; background_color=&#8220;gcid-564a62f8-08b5-4913-a77f-a4cb0ddc3962&#8243; global_colors_info=&#8220;{%22gcid-564a62f8-08b5-4913-a77f-a4cb0ddc3962%22:%91%22background_color%22%93}&#8220;][\/et_pb_fullwidth_post_slider][\/et_pb_section][et_pb_section fb_built=&#8220;1&#8243; admin_label=&#8220;lieferanten&#8220; _builder_version=&#8220;4.16&#8243; _module_preset=&#8220;default&#8220; background_color=&#8220;#FFFFFF&#8220; custom_padding=&#8220;||1px|||&#8220; global_colors_info=&#8220;{}&#8220;][et_pb_row _builder_version=&#8220;4.16&#8243; _module_preset=&#8220;default&#8220; custom_margin=&#8220;-17px|auto||auto||&#8220; global_colors_info=&#8220;{}&#8220;][et_pb_column type=&#8220;4_4&#8243; _builder_version=&#8220;4.16&#8243; _module_preset=&#8220;default&#8220; global_colors_info=&#8220;{}&#8220;][et_pb_text _builder_version=&#8220;4.16&#8243; _module_preset=&#8220;default&#8220; background_color=&#8220;RGBA(0,0,0,0)&#8220; global_colors_info=&#8220;{%22gcid-085f990c-29c0-475b-95a2-014996d33f95%22:%91%93}&#8220;]<\/p>\n<h1 style=\"text-align: center;\">Unsere Lieferanten<\/h1>\n<p>[\/et_pb_text][\/et_pb_column][\/et_pb_row][et_pb_row column_structure=&#8220;1_4,1_4,1_4,1_4&#8243; _builder_version=&#8220;4.16&#8243; _module_preset=&#8220;default&#8220; global_colors_info=&#8220;{}&#8220;][et_pb_column type=&#8220;1_4&#8243; _builder_version=&#8220;4.16&#8243; _module_preset=&#8220;default&#8220; global_colors_info=&#8220;{}&#8220;][et_pb_image src=&#8220;https:\/\/www.acmec-int.com\/wp-content\/uploads\/2021\/05\/Ekato_grau_Zeichenflaeche-1.png&#8220; title_text=&#8220;ekato_Zeichenfl\u00e4che 1&#8243; url=&#8220;https:\/\/www.ekato.com\/de\/home-de\/&#8220; url_new_window=&#8220;on&#8220; _builder_version=&#8220;4.16&#8243; _module_preset=&#8220;default&#8220; global_colors_info=&#8220;{}&#8220; src__hover_enabled=&#8220;on|hover&#8220; src__hover=&#8220;https:\/\/www.acmec-int.com\/wp-content\/uploads\/2021\/05\/ekato_Zeichenflaeche-1.png&#8220;][\/et_pb_image][\/et_pb_column][et_pb_column type=&#8220;1_4&#8243; _builder_version=&#8220;4.16&#8243; _module_preset=&#8220;default&#8220; global_colors_info=&#8220;{}&#8220;][et_pb_image src=&#8220;https:\/\/www.acmec-int.com\/wp-content\/uploads\/2021\/05\/russel_grau_Zeichenflaeche-1.png&#8220; title_text=&#8220;russell_Zeichenfl\u00e4che 1&#8243; url=&#8220;https:\/\/www.russellfinex.com\/de\/&#8220; url_new_window=&#8220;on&#8220; _builder_version=&#8220;4.16&#8243; _module_preset=&#8220;default&#8220; global_colors_info=&#8220;{}&#8220; src__hover_enabled=&#8220;on|hover&#8220; src__hover=&#8220;https:\/\/www.acmec-int.com\/wp-content\/uploads\/2021\/05\/russell_Zeichenflaeche-1.png&#8220;][\/et_pb_image][\/et_pb_column][et_pb_column type=&#8220;1_4&#8243; _builder_version=&#8220;4.16&#8243; _module_preset=&#8220;default&#8220; global_colors_info=&#8220;{}&#8220;][et_pb_image src=&#8220;https:\/\/www.acmec-int.com\/wp-content\/uploads\/2021\/06\/17-1.jpg&#8220; title_text=&#8220;17&#8243; url=&#8220;https:\/\/www.netzsch.com\/de\/&#8220; url_new_window=&#8220;on&#8220; align=&#8220;center&#8220; _builder_version=&#8220;4.16&#8243; _module_preset=&#8220;default&#8220; custom_padding=&#8220;51px|||||&#8220; filter_saturate=&#8220;0%&#8220; global_colors_info=&#8220;{}&#8220; src__hover_enabled=&#8220;off|desktop&#8220; src__hover=&#8220;https:\/\/www.acmec-int.com\/wp-content\/uploads\/2021\/05\/omca_Zeichenflaeche-1.png&#8220; filter_saturate__hover_enabled=&#8220;on|hover&#8220; filter_saturate__hover=&#8220;100%&#8220;][\/et_pb_image][\/et_pb_column][et_pb_column type=&#8220;1_4&#8243; _builder_version=&#8220;4.16&#8243; _module_preset=&#8220;default&#8220; global_colors_info=&#8220;{}&#8220;][et_pb_image src=&#8220;https:\/\/www.acmec-int.com\/wp-content\/uploads\/2021\/05\/lauda_grau_Zeichenflaeche-1.png&#8220; title_text=&#8220;lauda_Zeichenfl\u00e4che 1&#8243; url=&#8220;https:\/\/www.lauda.de\/de\/individuelle-temperiersysteme\/industrielle-heiz-und-kuehlsysteme&#8220; url_new_window=&#8220;on&#8220; _builder_version=&#8220;4.16&#8243; _module_preset=&#8220;default&#8220; global_colors_info=&#8220;{}&#8220; src__hover_enabled=&#8220;on|hover&#8220; src__hover=&#8220;https:\/\/www.acmec-int.com\/wp-content\/uploads\/2021\/05\/lauda_Zeichenflaeche-1.png&#8220;][\/et_pb_image][\/et_pb_column][\/et_pb_row][et_pb_row column_structure=&#8220;1_4,1_4,1_4,1_4&#8243; _builder_version=&#8220;4.16&#8243; _module_preset=&#8220;default&#8220; global_colors_info=&#8220;{}&#8220;][et_pb_column type=&#8220;1_4&#8243; _builder_version=&#8220;4.16&#8243; _module_preset=&#8220;default&#8220; global_colors_info=&#8220;{}&#8220;][et_pb_image src=&#8220;https:\/\/www.acmec-int.com\/wp-content\/uploads\/2021\/06\/18-2.jpg&#8220; title_text=&#8220;18-2&#8243; url=&#8220;https:\/\/www.ezm-rohrdrehgelenke.de\/55\/Rohrdrehgelenke.htm&#8220; url_new_window=&#8220;on&#8220; align=&#8220;center&#8220; _builder_version=&#8220;4.16&#8243; _module_preset=&#8220;default&#8220; custom_margin=&#8220;44px|||||&#8220; filter_saturate=&#8220;0%&#8220; filter_saturate_last_edited=&#8220;off|desktop&#8220; global_colors_info=&#8220;{}&#8220; src__hover_enabled=&#8220;off|hover&#8220; src__hover=&#8220;https:\/\/www.acmec-int.com\/wp-content\/uploads\/2021\/05\/niemann_Zeichenflaeche-1.png&#8220; filter_saturate__hover_enabled=&#8220;on|desktop&#8220; filter_saturate__hover=&#8220;100%&#8220;][\/et_pb_image][\/et_pb_column][et_pb_column type=&#8220;1_4&#8243; _builder_version=&#8220;4.16&#8243; _module_preset=&#8220;default&#8220; global_colors_info=&#8220;{}&#8220;][et_pb_image src=&#8220;https:\/\/www.acmec-int.com\/wp-content\/uploads\/2021\/05\/iga_tec_grau_Zeichenflaeche-1.png&#8220; title_text=&#8220;iga_tec_grau_Zeichenfl\u00e4che 1&#8243; url=&#8220;https:\/\/igatec.de&#8220; url_new_window=&#8220;on&#8220; _builder_version=&#8220;4.16&#8243; _module_preset=&#8220;default&#8220; global_colors_info=&#8220;{}&#8220; src__hover_enabled=&#8220;on|desktop&#8220; src__hover=&#8220;https:\/\/www.acmec-int.com\/wp-content\/uploads\/2021\/05\/iga_tec_Zeichenflaeche-1.png&#8220;][\/et_pb_image][\/et_pb_column][et_pb_column type=&#8220;1_4&#8243; _builder_version=&#8220;4.16&#8243; _module_preset=&#8220;default&#8220; global_colors_info=&#8220;{}&#8220;][et_pb_image src=&#8220;https:\/\/www.acmec-int.com\/wp-content\/uploads\/2021\/06\/22.jpg&#8220; title_text=&#8220;22&#8243; url=&#8220;https:\/\/at.cylex.de\/lenzing\/hms&#8211;mechatronik-gmbh-7789192&#8243; url_new_window=&#8220;on&#8220; align=&#8220;center&#8220; _builder_version=&#8220;4.16&#8243; _module_preset=&#8220;default&#8220; custom_margin=&#8220;48px|||||&#8220; filter_saturate=&#8220;0%&#8220; global_colors_info=&#8220;{}&#8220; src__hover_enabled=&#8220;off|desktop&#8220; src__hover=&#8220;https:\/\/www.acmec-int.com\/wp-content\/uploads\/2021\/05\/ibs_Zeichenflaeche-1.png&#8220; filter_saturate__hover_enabled=&#8220;on|hover&#8220; filter_saturate__hover=&#8220;100%&#8220;][\/et_pb_image][\/et_pb_column][et_pb_column type=&#8220;1_4&#8243; _builder_version=&#8220;4.16&#8243; _module_preset=&#8220;default&#8220; global_colors_info=&#8220;{}&#8220;][\/et_pb_column][\/et_pb_row][\/et_pb_section][et_pb_section fb_built=&#8220;1&#8243; specialty=&#8220;on&#8220; admin_label=&#8220;footer&#8220; _builder_version=&#8220;4.9.4&#8243; _module_preset=&#8220;default&#8220; background_color=&#8220;#FFFFFF&#8220; global_module=&#8220;360&#8243; saved_tabs=&#8220;all&#8220; global_colors_info=&#8220;{}&#8220;][et_pb_column type=&#8220;1_2&#8243; _builder_version=&#8220;4.16&#8243; custom_padding=&#8220;|||&#8220; global_colors_info=&#8220;{}&#8220; custom_padding__hover=&#8220;|||&#8220;][et_pb_map address=&#8220;ul. %22Lyuben Karavelov%22 1142, 1142 Old City Center, Sofia, Bulgarien&#8220; zoom_level=&#8220;20&#8243; address_lat=&#8220;42.686575157431&#8243; address_lng=&#8220;23.327242051521&#8243; _builder_version=&#8220;4.16&#8243; _module_preset=&#8220;default&#8220; global_colors_info=&#8220;{}&#8220;][et_pb_map_pin title=&#8220;ACMEC ODD&#8220; pin_address=&#8220;ul. %22Lyuben Karavelov%22, 1142 Old City Center, Sofia, Bulgarien&#8220; pin_address_lat=&#8220;42.6865722&#8243; pin_address_lng=&#8220;23.3273252&#8243; _builder_version=&#8220;4.9.4&#8243; _module_preset=&#8220;default&#8220; global_colors_info=&#8220;{}&#8220;][\/et_pb_map_pin][\/et_pb_map][\/et_pb_column][et_pb_column type=&#8220;1_2&#8243; specialty_columns=&#8220;2&#8243; _builder_version=&#8220;4.16&#8243; custom_padding=&#8220;|||&#8220; global_colors_info=&#8220;{}&#8220; custom_padding__hover=&#8220;|||&#8220;][et_pb_row_inner admin_label=&#8220;titel&#8220; _builder_version=&#8220;4.16&#8243; _module_preset=&#8220;default&#8220; custom_padding=&#8220;||9px|||&#8220; global_colors_info=&#8220;{}&#8220;][et_pb_column_inner saved_specialty_column_type=&#8220;1_2&#8243; _builder_version=&#8220;4.16&#8243; _module_preset=&#8220;default&#8220; global_colors_info=&#8220;{}&#8220;][et_pb_text _builder_version=&#8220;4.16&#8243; _module_preset=&#8220;default&#8220; header_text_color=&#8220;#FFFFFF&#8220; custom_margin=&#8220;||9px|||&#8220; global_colors_info=&#8220;{}&#8220;]<\/p>\n<h1 style=\"text-align: left;\"><span style=\"color: #000000;\">ACMEC OOD<\/span><\/h1>\n<p>[\/et_pb_text][\/et_pb_column_inner][\/et_pb_row_inner][et_pb_row_inner column_structure=&#8220;1_2,1_2&#8243; admin_label=&#8220;informationen&#8220; _builder_version=&#8220;4.16&#8243; _module_preset=&#8220;default&#8220; custom_padding=&#8220;0px|||||&#8220; global_colors_info=&#8220;{}&#8220;][et_pb_column_inner type=&#8220;1_2&#8243; saved_specialty_column_type=&#8220;1_2&#8243; _builder_version=&#8220;4.16&#8243; _module_preset=&#8220;default&#8220; global_colors_info=&#8220;{}&#8220;][et_pb_text admin_label=&#8220;kontakt&#8220; _builder_version=&#8220;4.16&#8243; _module_preset=&#8220;default&#8220; text_text_color=&#8220;#FFFFFF&#8220; header_2_text_color=&#8220;#FFFFFF&#8220; global_colors_info=&#8220;{}&#8220;]<\/p>\n<h2 class=\"mobile-portrait-row adress\"><span itemprop=\"streetAddress\" style=\"color: #000000;\">Kontakt<\/span><\/h2>\n<div class=\"mobile-portrait-row adress\">\n<div class=\"mobile-portrait-row phone\">\n<div class=\"label-portrait\"><span style=\"color: #000000;\">Tel.: <span itemprop=\"telephone\">+359 879 377 611<\/span><\/span><\/div>\n<\/div>\n<div class=\"mobile-portrait-row fax\">\n<div class=\"label-portrait\">\n<div class=\"mobile-portrait-row url\">\n<div class=\"label-portrait\"><span style=\"color: #000000;\">Web: <a href=\"http:\/\/www.acmec-int.com\">www.acmec-int.com<\/a><\/span><\/div>\n<div class=\"label-portrait\"><span style=\"color: #000000;\">office@acmec-int.com<\/span><\/div>\n<div class=\"label-portrait\"><span style=\"color: #000000;\"><\/span><\/div>\n<\/div>\n<p><span itemprop=\"faxNumber\" style=\"color: #000000;\"><\/span><\/p>\n<\/div>\n<\/div>\n<\/div>\n<p>[\/et_pb_text][et_pb_text admin_label=&#8220;adresse&#8220; _builder_version=&#8220;4.16&#8243; _module_preset=&#8220;default&#8220; text_text_color=&#8220;#FFFFFF&#8220; header_text_color=&#8220;#FFFFFF&#8220; header_2_text_color=&#8220;#FFFFFF&#8220; custom_margin=&#8220;3px|||||&#8220; global_colors_info=&#8220;{}&#8220;]<\/p>\n<p><span style=\"text-decoration: underline;\"><a href=\"https:\/\/www.acmec-int.com\/cookie-richtlinie-eu\/\">Datenschutz<\/a><\/span><\/p>\n<p><span style=\"text-decoration: underline;\"><a href=\"https:\/\/www.acmec-int.com\/impressum\/\">Impressum<\/a><\/span><\/p>\n<p>[\/et_pb_text][\/et_pb_column_inner][et_pb_column_inner type=&#8220;1_2&#8243; saved_specialty_column_type=&#8220;1_2&#8243; _builder_version=&#8220;4.16&#8243; _module_preset=&#8220;default&#8220; global_colors_info=&#8220;{}&#8220;][et_pb_text admin_label=&#8220;adresse&#8220; _builder_version=&#8220;4.16.0&#8243; _module_preset=&#8220;default&#8220; text_text_color=&#8220;#FFFFFF&#8220; header_text_color=&#8220;#FFFFFF&#8220; header_2_text_color=&#8220;#FFFFFF&#8220; custom_margin=&#8220;3px|||||&#8220; global_colors_info=&#8220;{}&#8220;]<\/p>\n<h2 class=\"mobile-portrait-row adress\" style=\"text-align: left;\"><span itemprop=\"streetAddress\" style=\"color: #000000;\">Adresse<\/span><\/h2>\n<div class=\"mobile-portrait-row adress\" style=\"text-align: left;\">\n<p><span style=\"color: #000000;\">ACMEC OOD<br \/><\/span><span style=\"color: #000000;\">41 Neofit Rilski Str., fl.2,<br \/><\/span><span style=\"color: #000000;\">1000 Sofia<br \/><\/span><span style=\"color: #000000;\">Bulgaria<\/span><\/p>\n<\/div>\n<p>[\/et_pb_text][\/et_pb_column_inner][\/et_pb_row_inner][\/et_pb_column][\/et_pb_section]<\/p>\n","protected":false},"excerpt":{"rendered":"<p>ACMEC Mechanische Verfahrenstechnik Industrievertretungen\u00dcber Uns Die Firma Schwarz\u00e4ugl ITS&amp;T wurde 1996 als Einzelunternehmen gegr\u00fcndet und 2000 in eine GmbH umfirmiert.\u00a0Am Beginn unserer T\u00e4tigkeit besch\u00e4ftigten wir uns in erster Linie mit der Planung und Ausf\u00fchrung von Komplettanlagen im In- und Ausland. Die mechanische Verfahrenstechnik bildete immer einen wesentlichen Bestandteil, gepaart mit der langj\u00e4hrigen Erfahrung bei der [&hellip;]<\/p>\n","protected":false},"author":1,"featured_media":0,"parent":0,"menu_order":0,"comment_status":"closed","ping_status":"closed","template":"","meta":{"_et_pb_use_builder":"on","_et_pb_old_content":"","_et_gb_content_width":"","_monsterinsights_skip_tracking":false,"_monsterinsights_sitenote_active":false,"_monsterinsights_sitenote_note":"","_monsterinsights_sitenote_category":0,"footnotes":""},"class_list":["post-484","page","type-page","status-publish","hentry"],"_links":{"self":[{"href":"https:\/\/www.acmec-int.com\/en\/wp-json\/wp\/v2\/pages\/484","targetHints":{"allow":["GET"]}}],"collection":[{"href":"https:\/\/www.acmec-int.com\/en\/wp-json\/wp\/v2\/pages"}],"about":[{"href":"https:\/\/www.acmec-int.com\/en\/wp-json\/wp\/v2\/types\/page"}],"author":[{"embeddable":true,"href":"https:\/\/www.acmec-int.com\/en\/wp-json\/wp\/v2\/users\/1"}],"replies":[{"embeddable":true,"href":"https:\/\/www.acmec-int.com\/en\/wp-json\/wp\/v2\/comments?post=484"}],"version-history":[{"count":28,"href":"https:\/\/www.acmec-int.com\/en\/wp-json\/wp\/v2\/pages\/484\/revisions"}],"predecessor-version":[{"id":1233,"href":"https:\/\/www.acmec-int.com\/en\/wp-json\/wp\/v2\/pages\/484\/revisions\/1233"}],"wp:attachment":[{"href":"https:\/\/www.acmec-int.com\/en\/wp-json\/wp\/v2\/media?parent=484"}],"curies":[{"name":"wp","href":"https:\/\/api.w.org\/{rel}","templated":true}]}}